{"id":88,"date":"2015-04-07T00:53:49","date_gmt":"2015-04-06T23:53:49","guid":{"rendered":"http:\/\/www.keer.pro\/?page_id=88"},"modified":"2016-01-13T10:04:45","modified_gmt":"2016-01-13T15:04:45","slug":"approche-therapeutique","status":"publish","type":"page","link":"https:\/\/www.psychologueamontreal.ca\/es\/approche-therapeutique\/","title":{"rendered":"Enfoque Terap\u00e9utico"},"content":{"rendered":"<p><\/p>\n<h1 class=\"text-center\">Enfoque Terap\u00e9utico<\/h1>\n<p><\/p>\n<div class=\"row\">\n<div class=\"col-md-12\">\n<h2>El enfoque sist\u00e9mico<\/h2>\n<p>El enfoque sist\u00e9mico est\u00e1 basado sobre el hecho de que la persona vive en un sistema y que todo acto repercute en dicho sistema en el que se desenvuelve. As\u00ed, todos tenemos un rol en la vida, en la familia, en la escuela, en el trabajo, en un grupo de amigos, en todos lados. Algunos roles nos los apropiamos y otros son asignados por el exterior. Por lo que, la manera en la que nos comunicamos y la manera en que interactuamos puede afectar las relaciones y causar conflictos. El prop\u00f3sito ser\u00e1 de cambiar los estilos de comunicaci\u00f3n y de interacci\u00f3n para mejorar el entorno en el que uno se desenvuelve y as\u00ed tambi\u00e9n, las relaciones. Este tipo de terapia es principalmente utilizada y recomendada para abordar conflictos de familia, laborales y de pareja. Este enfoque es basado principalmente por la terapia familiar y en el m\u00e9todo psicoterap\u00e9utico desarrollado por Salvador Minuchin.<\/p>\n<h2>l enfoque psicoanal\u00edtico<\/h2>\n<p>El enfoque psicoanal\u00edtico es basado sobre el an\u00e1lisis del inconsciente a trav\u00e9s de la asociaci\u00f3n libre tomando en consideraci\u00f3n los impulsos, el instinto y los mecanismos de defensa de la persona. Por lo que es importante la interpretaci\u00f3n de la informaci\u00f3n por parte del psic\u00f3logo con el fin de facilitar la comprensi\u00f3n racional y la restructuraci\u00f3n de la personalidad. Este enfoque es basado sobre la teor\u00eda de Sigmund Freud.<\/p>\n<h2>El enfoque cognitivo-comportamental<\/h2>\n<p>El enfoque cognitivo-comportamental est\u00e1 basado sobre el hecho de que el pensamiento y el comportamiento est\u00e1n ligados, que el comportamiento es aprendido y por lo tanto modificable. Este tipo de terapia es recomendado para tratar la ansiedad, la depresi\u00f3n, los problemas de alimentaci\u00f3n, los miedos o fobias, el comportamiento infantil, entre otros. Este enfoque es influenciado principalmente por Iv\u00e1n P\u00e1vlov, Edward Thorndike, Skinner, Joseph Wolpe, Albert Ellis y Aaron Beck.<\/p>\n<h2>El enfoque Gestalt-Humanista<\/h2>\n<p>El enfoque Gestalt-Humanista tiene como objetivo que la persona pueda disfrutar una vida plena, de satisfacci\u00f3n y logro, disminuyendo ciertos s\u00edntomas, liber\u00e1ndose de bloqueos y de asuntos inconclusos que le impiden lograr la autorrealizaci\u00f3n y el crecimiento personal. Se resalta la importancia de vivir en el \u201caqu\u00ed y el ahora\u201d y de aceptar la responsabilidad de los actos propios.  Es una terapia din\u00e1mica con simulaciones, juego de roles, ejercicios creativos, entre otros. Este enfoque es influenciado por las teor\u00edas de Sigmund Freud, Fritz Perls et Laura Perls.<\/p>\n<\/div>\n<\/div>\n<p><\/p>","protected":false},"excerpt":{"rendered":"<p>Enfoque Terap\u00e9utico El enfoque sist\u00e9mico El enfoque sist\u00e9mico est\u00e1 basado sobre el hecho de que la persona vive en un sistema y que todo acto repercute en dicho sistema en el que se desenvuelve. As\u00ed, todos tenemos un rol en la vida, en la familia, en la escuela, en el trabajo, en un grupo de [&hellip;]<\/p>\n","protected":false},"author":1,"featured_media":0,"parent":0,"menu_order":3,"comment_status":"open","ping_status":"open","template":"","meta":[],"aioseo_notices":[],"_links":{"self":[{"href":"https:\/\/www.psychologueamontreal.ca\/es\/wp-json\/wp\/v2\/pages\/88"}],"collection":[{"href":"https:\/\/www.psychologueamontreal.ca\/es\/wp-json\/wp\/v2\/pages"}],"about":[{"href":"https:\/\/www.psychologueamontreal.ca\/es\/wp-json\/wp\/v2\/types\/page"}],"author":[{"embeddable":true,"href":"https:\/\/www.psychologueamontreal.ca\/es\/wp-json\/wp\/v2\/users\/1"}],"replies":[{"embeddable":true,"href":"https:\/\/www.psychologueamontreal.ca\/es\/wp-json\/wp\/v2\/comments?post=88"}],"version-history":[{"count":18,"href":"https:\/\/www.psychologueamontreal.ca\/es\/wp-json\/wp\/v2\/pages\/88\/revisions"}],"predecessor-version":[{"id":368,"href":"https:\/\/www.psychologueamontreal.ca\/es\/wp-json\/wp\/v2\/pages\/88\/revisions\/368"}],"wp:attachment":[{"href":"https:\/\/www.psychologueamontreal.ca\/es\/wp-json\/wp\/v2\/media?parent=88"}],"curies":[{"name":"wp","href":"https:\/\/api.w.org\/{rel}","templated":true}]}}