{"id":78,"date":"2015-04-07T00:15:31","date_gmt":"2015-04-06T23:15:31","guid":{"rendered":"http:\/\/www.keer.pro\/?page_id=78"},"modified":"2024-08-13T18:03:27","modified_gmt":"2024-08-13T23:03:27","slug":"biographie-cv","status":"publish","type":"page","link":"https:\/\/www.psychologueamontreal.ca\/es\/biographie-cv\/","title":{"rendered":"Biographie"},"content":{"rendered":"<p><\/p>\n<h1 class=\"text-center\">Biograf\u00eda<\/h1>\n<div class=\"row\">\n<div class=\"col-md-8 col-md-offset-2 biographie\">\n<p>Liliana Keer \u00a0es miembro del colegio de Psic\u00f3logos de Quebec, Ordre des Psychologues de Qu\u00e9bec desde 2015. Su formaci\u00f3n inicial fue hecha en el sist\u00e9mico, psicoanal\u00edtica y cognitivo-conductual. Ella efect\u00faa posteriormente especializada en Gestalt humanista y enfoque psicodin\u00e1mico.<\/p>\n<p>Liliana Keer tambi\u00e9n hizo una investigaci\u00f3n sobre &#8220;La percepci\u00f3n entre las parejas de inmigrantes, su adaptaci\u00f3n a su primer a\u00f1o de vida en Montreal.&#8221;<\/p>\n<p>Su inter\u00e9s por la comunidad y necesidades de la gente vulnerable de la sociedad de Montreal, la llevo a participar en un\u00a0<a href=\"http:\/\/www.centredesfemmesdemtl.org\/\">programa psicosocial del Centro de las Mujeres de Montreal\u00a0<\/a>. Acompa\u00f1ando a las mujeres a trav\u00e9s de diversos tipos de dificultades en su vida. Tambien ha colaborado con el centro comunitario Maison Multiethnique Myosotis para brindar apoyo psychologico a la comunidad multicultural de Montreal y su zona metropolitana. Con el fin de consolidar su experiencia como psicologa escolar, ella ha trabajado en un centro de servicios escolares (exp\u00e9rience en primaria y secundaria).<\/p>\n<p>Actualmente, ella combina la practica cl\u00ednica en un consultorio privado con la pr\u00e1ctica en el \u00e1mbito escolar. Tambi\u00e9n, esta completando sus estudios doctorales en la Universidad de Sherbrooke.<\/p>\n<\/div>\n<\/div>\n<p><\/p>","protected":false},"excerpt":{"rendered":"<p>Biograf\u00eda Liliana Keer \u00a0es miembro del colegio de Psic\u00f3logos de Quebec, Ordre des Psychologues de Qu\u00e9bec desde 2015. Su formaci\u00f3n inicial fue hecha en el sist\u00e9mico, psicoanal\u00edtica y cognitivo-conductual. Ella efect\u00faa posteriormente especializada en Gestalt humanista y enfoque psicodin\u00e1mico. Liliana Keer tambi\u00e9n hizo una investigaci\u00f3n sobre &#8220;La percepci\u00f3n entre las parejas de inmigrantes, su adaptaci\u00f3n [&hellip;]<\/p>\n","protected":false},"author":1,"featured_media":0,"parent":0,"menu_order":4,"comment_status":"open","ping_status":"open","template":"","meta":[],"aioseo_notices":[],"_links":{"self":[{"href":"https:\/\/www.psychologueamontreal.ca\/es\/wp-json\/wp\/v2\/pages\/78"}],"collection":[{"href":"https:\/\/www.psychologueamontreal.ca\/es\/wp-json\/wp\/v2\/pages"}],"about":[{"href":"https:\/\/www.psychologueamontreal.ca\/es\/wp-json\/wp\/v2\/types\/page"}],"author":[{"embeddable":true,"href":"https:\/\/www.psychologueamontreal.ca\/es\/wp-json\/wp\/v2\/users\/1"}],"replies":[{"embeddable":true,"href":"https:\/\/www.psychologueamontreal.ca\/es\/wp-json\/wp\/v2\/comments?post=78"}],"version-history":[{"count":44,"href":"https:\/\/www.psychologueamontreal.ca\/es\/wp-json\/wp\/v2\/pages\/78\/revisions"}],"predecessor-version":[{"id":419,"href":"https:\/\/www.psychologueamontreal.ca\/es\/wp-json\/wp\/v2\/pages\/78\/revisions\/419"}],"wp:attachment":[{"href":"https:\/\/www.psychologueamontreal.ca\/es\/wp-json\/wp\/v2\/media?parent=78"}],"curies":[{"name":"wp","href":"https:\/\/api.w.org\/{rel}","templated":true}]}}