{"id":395,"date":"2020-07-17T10:45:36","date_gmt":"2020-07-17T15:45:36","guid":{"rendered":"http:\/\/www.psychologueamontreal.ca\/?page_id=395"},"modified":"2024-08-13T18:11:52","modified_gmt":"2024-08-13T23:11:52","slug":"bienvenue","status":"publish","type":"page","link":"https:\/\/www.psychologueamontreal.ca\/es\/","title":{"rendered":"Bienvenid@"},"content":{"rendered":"<p><\/p>\n<h1 class=\"text-center\">\u00a1Hola!<\/h1>\n<div class=\"row motifs\">\n<div class=\"col-md-8 col-md-offset-2 text-center\">\n<h2>\u00a1Me siento honrada por tu visita!<\/h2>\n<p>Me gustar\u00eda compartir contigo mi pasi\u00f3n por la psicolog\u00eda.<\/p>\n<p>Te invito a trabajar en ti y a experimentar la psicolog\u00eda para lograr tus objetivos, mejorar tus relaciones&#8230;<\/p>\n<p>Te reto a vivir una vida con amor, gozo, pasi\u00f3n, responsabilidad, libertad, paz, benevolencia, gentileza y bondad.<\/p>\n<p>\u00a1Te deseo una vida llena de plenitud!<\/p>\n<\/div>\n<\/div>\n<p><\/p>","protected":false},"excerpt":{"rendered":"<p>\u00a1Hola! \u00a1Me siento honrada por tu visita! Me gustar\u00eda compartir contigo mi pasi\u00f3n por la psicolog\u00eda. Te invito a trabajar en ti y a experimentar la psicolog\u00eda para lograr tus objetivos, mejorar tus relaciones&#8230; Te reto a vivir una vida con amor, gozo, pasi\u00f3n, responsabilidad, libertad, paz, benevolencia, gentileza y bondad. \u00a1Te deseo una vida [&hellip;]<\/p>\n","protected":false},"author":1,"featured_media":0,"parent":0,"menu_order":0,"comment_status":"closed","ping_status":"closed","template":"","meta":[],"aioseo_notices":[],"_links":{"self":[{"href":"https:\/\/www.psychologueamontreal.ca\/es\/wp-json\/wp\/v2\/pages\/395"}],"collection":[{"href":"https:\/\/www.psychologueamontreal.ca\/es\/wp-json\/wp\/v2\/pages"}],"about":[{"href":"https:\/\/www.psychologueamontreal.ca\/es\/wp-json\/wp\/v2\/types\/page"}],"author":[{"embeddable":true,"href":"https:\/\/www.psychologueamontreal.ca\/es\/wp-json\/wp\/v2\/users\/1"}],"replies":[{"embeddable":true,"href":"https:\/\/www.psychologueamontreal.ca\/es\/wp-json\/wp\/v2\/comments?post=395"}],"version-history":[{"count":11,"href":"https:\/\/www.psychologueamontreal.ca\/es\/wp-json\/wp\/v2\/pages\/395\/revisions"}],"predecessor-version":[{"id":421,"href":"https:\/\/www.psychologueamontreal.ca\/es\/wp-json\/wp\/v2\/pages\/395\/revisions\/421"}],"wp:attachment":[{"href":"https:\/\/www.psychologueamontreal.ca\/es\/wp-json\/wp\/v2\/media?parent=395"}],"curies":[{"name":"wp","href":"https:\/\/api.w.org\/{rel}","templated":true}]}}