{"id":130,"date":"2015-10-12T01:05:46","date_gmt":"2015-10-12T00:05:46","guid":{"rendered":"http:\/\/www.keer.pro\/?page_id=130"},"modified":"2020-07-17T10:10:27","modified_gmt":"2020-07-17T15:10:27","slug":"motifs-de-consultation","status":"publish","type":"page","link":"https:\/\/www.psychologueamontreal.ca\/es\/motifs-de-consultation\/","title":{"rendered":"Consulta psicol\u00f3gica"},"content":{"rendered":"<p><\/p>\n<h1 class=\"text-center\">Motivos de consulta<\/h1>\n<div class=\"row motifs\">\n<div class=\"col-md-8 col-md-offset-2 text-center\">\n<h2>Los motivos de las consultas psicol\u00f3gicas y terap\u00e9uticas son en su mayor\u00eda para:<\/h2>\n<p>Agotamiento profesional<br \/>\nProblemas de salud f\u00edsica<br \/>\nDificultades para relacionarse<br \/>\nAdaptaci\u00f3n y aculturaci\u00f3n<br \/>\nEstr\u00e9s<br \/>\nDuelo<br \/>\nProblemas de autoestima<br \/>\nDificultades de pareja<br \/>\nProblemas relacionados a la ansiedad<br \/>\nEvaluaci\u00f3n del TDAH, Trastorno por d\u00e9ficit de atenci\u00f3n con hiperactividad<\/p>\n<\/div>\n<\/div>\n<p><\/p>","protected":false},"excerpt":{"rendered":"<p>Motivos de consulta Los motivos de las consultas psicol\u00f3gicas y terap\u00e9uticas son en su mayor\u00eda para: Agotamiento profesional Problemas de salud f\u00edsica Dificultades para relacionarse Adaptaci\u00f3n y aculturaci\u00f3n Estr\u00e9s Duelo Problemas de autoestima Dificultades de pareja Problemas relacionados a la ansiedad Evaluaci\u00f3n del TDAH, Trastorno por d\u00e9ficit de atenci\u00f3n con hiperactividad<\/p>\n","protected":false},"author":1,"featured_media":0,"parent":0,"menu_order":2,"comment_status":"open","ping_status":"open","template":"","meta":[],"aioseo_notices":[],"_links":{"self":[{"href":"https:\/\/www.psychologueamontreal.ca\/es\/wp-json\/wp\/v2\/pages\/130"}],"collection":[{"href":"https:\/\/www.psychologueamontreal.ca\/es\/wp-json\/wp\/v2\/pages"}],"about":[{"href":"https:\/\/www.psychologueamontreal.ca\/es\/wp-json\/wp\/v2\/types\/page"}],"author":[{"embeddable":true,"href":"https:\/\/www.psychologueamontreal.ca\/es\/wp-json\/wp\/v2\/users\/1"}],"replies":[{"embeddable":true,"href":"https:\/\/www.psychologueamontreal.ca\/es\/wp-json\/wp\/v2\/comments?post=130"}],"version-history":[{"count":24,"href":"https:\/\/www.psychologueamontreal.ca\/es\/wp-json\/wp\/v2\/pages\/130\/revisions"}],"predecessor-version":[{"id":390,"href":"https:\/\/www.psychologueamontreal.ca\/es\/wp-json\/wp\/v2\/pages\/130\/revisions\/390"}],"wp:attachment":[{"href":"https:\/\/www.psychologueamontreal.ca\/es\/wp-json\/wp\/v2\/media?parent=130"}],"curies":[{"name":"wp","href":"https:\/\/api.w.org\/{rel}","templated":true}]}}